{"id":1493,"date":"2016-10-14T02:02:22","date_gmt":"2016-10-14T02:02:22","guid":{"rendered":"https:\/\/demo.wpthemego.com\/themes\/sw_revo\/demo10\/?page_id=1493"},"modified":"2025-11-17T08:32:11","modified_gmt":"2025-11-17T08:32:11","slug":"about-us","status":"publish","type":"page","link":"https:\/\/www.mandu-tech.com\/fr\/about-us\/","title":{"rendered":"\u00c0 propos de nous"},"content":{"rendered":"<div data-elementor-type=\"wp-page\" data-elementor-id=\"1493\" class=\"elementor elementor-1493\">\n\t\t\t\t\t\t\t\t\t<section class=\"elementor-section elementor-top-section elementor-element elementor-element-6bda35e4 elementor-section-boxed elementor-section-height-default elementor-section-height-default\" data-id=\"6bda35e4\" data-element_type=\"section\">\n\t\t\t\t\t\t<div class=\"elementor-container elementor-column-gap-default\">\n\t\t\t\t\t<div class=\"elementor-column elementor-col-100 elementor-top-column elementor-element elementor-element-5791458d\" data-id=\"5791458d\" data-element_type=\"column\">\n\t\t\t<div class=\"elementor-widget-wrap elementor-element-populated\">\n\t\t\t\t\t\t\t\t<div class=\"elementor-element elementor-element-7c89a477 elementor-widget elementor-widget-image\" data-id=\"7c89a477\" data-element_type=\"widget\" data-widget_type=\"image.default\">\n\t\t\t\t<div class=\"elementor-widget-container\">\n\t\t\t<style>\/*! elementor - v3.16.0 - 09-10-2023 *\/\n.elementor-widget-image{text-align:center}.elementor-widget-image a{display:inline-block}.elementor-widget-image a img[src$=\".svg\"]{width:48px}.elementor-widget-image img{vertical-align:middle;display:inline-block}<\/style>\t\t\t\t\t\t\t\t\t\t\t\t<img loading=\"lazy\" decoding=\"async\" width=\"1904\" height=\"227\" src=\"https:\/\/www.mandu-tech.com\/wp-content\/uploads\/2025\/11\/21c515014893f85.jpg\" class=\"attachment-full size-full wp-image-4749\" alt=\"\" \/>\t\t\t\t\t\t\t\t\t\t\t\t\t\t\t<\/div>\n\t\t\t\t<\/div>\n\t\t\t\t\t<\/div>\n\t\t<\/div>\n\t\t\t\t\t\t\t<\/div>\n\t\t<\/section>\n\t\t\t\t<section class=\"elementor-section elementor-top-section elementor-element elementor-element-6d31b4c4 elementor-section-boxed elementor-section-height-default elementor-section-height-default\" data-id=\"6d31b4c4\" data-element_type=\"section\">\n\t\t\t\t\t\t<div class=\"elementor-container elementor-column-gap-default\">\n\t\t\t\t\t<div class=\"elementor-column elementor-col-100 elementor-top-column elementor-element elementor-element-60e07942\" data-id=\"60e07942\" data-element_type=\"column\">\n\t\t\t<div class=\"elementor-widget-wrap elementor-element-populated\">\n\t\t\t\t\t\t\t\t<div class=\"elementor-element elementor-element-33b017c5 elementor-widget elementor-widget-heading\" data-id=\"33b017c5\" data-element_type=\"widget\" data-widget_type=\"heading.default\">\n\t\t\t\t<div class=\"elementor-widget-container\">\n\t\t\t<style>\/*! elementor - v3.16.0 - 09-10-2023 *\/\n.elementor-heading-title{padding:0;margin:0;line-height:1}.elementor-widget-heading .elementor-heading-title[class*=elementor-size-]>a{color:inherit;font-size:inherit;line-height:inherit}.elementor-widget-heading .elementor-heading-title.elementor-size-small{font-size:15px}.elementor-widget-heading .elementor-heading-title.elementor-size-medium{font-size:19px}.elementor-widget-heading .elementor-heading-title.elementor-size-large{font-size:29px}.elementor-widget-heading .elementor-heading-title.elementor-size-xl{font-size:39px}.elementor-widget-heading .elementor-heading-title.elementor-size-xxl{font-size:59px}<\/style><h2 class=\"elementor-heading-title elementor-size-default\">\u00e0 propos de nous<\/h2>\t\t<\/div>\n\t\t\t\t<\/div>\n\t\t\t\t<div class=\"elementor-element elementor-element-5d8a07dd elementor-widget elementor-widget-text-editor\" data-id=\"5d8a07dd\" data-element_type=\"widget\" data-widget_type=\"text-editor.default\">\n\t\t\t\t<div class=\"elementor-widget-container\">\n\t\t\t<style>\/*! elementor - v3.16.0 - 09-10-2023 *\/\n.elementor-widget-text-editor.elementor-drop-cap-view-stacked .elementor-drop-cap{background-color:#69727d;color:#fff}.elementor-widget-text-editor.elementor-drop-cap-view-framed .elementor-drop-cap{color:#69727d;border:3px solid;background-color:transparent}.elementor-widget-text-editor:not(.elementor-drop-cap-view-default) .elementor-drop-cap{margin-top:8px}.elementor-widget-text-editor:not(.elementor-drop-cap-view-default) .elementor-drop-cap-letter{width:1em;height:1em}.elementor-widget-text-editor .elementor-drop-cap{float:left;text-align:center;line-height:1;font-size:50px}.elementor-widget-text-editor .elementor-drop-cap-letter{display:inline-block}<\/style>\t\t\t\t<p style=\"text-align: left;\"><strong>Shenzhen Mandu Technology Co, Ltd.<\/strong> (ci-apr\u00e8s d\u00e9nomm\u00e9e \u201cMandu Technology\") est un agent autoris\u00e9 national de promotion des semi-conducteurs et un fournisseur de solutions d'application sp\u00e9cialis\u00e9 dans les puces de m\u00e9moire et les micro-ordinateurs 32 bits \u00e0 puce unique. Elle a plus de dix ans d'exp\u00e9rience dans l'industrie. Elle s'est forg\u00e9 une excellente r\u00e9putation. L'activit\u00e9 principale de l'entreprise est ax\u00e9e sur l'innovation en mati\u00e8re de puces m\u00e9moire, de micro-ordinateurs \u00e0 puce unique et de solutions d'application de produits, sur la satisfaction permanente des besoins des clients et sur la collaboration avec divers partenaires afin de promouvoir le d\u00e9veloppement de l'industrie chinoise des circuits int\u00e9gr\u00e9s et d'assurer un avenir radieux. .<\/p><p style=\"text-align: left;\">Mandu Technology entretient des relations de coop\u00e9ration \u00e9troites et de qualit\u00e9 avec plusieurs entreprises de renom, tant au niveau national qu'international, et les composants \u00e9lectroniques sont largement utilis\u00e9s dans les domaines civil, industriel et autres. Elle couvre l'\u00e9lectronique grand public, les \u00e9quipements portables, les soins de sant\u00e9, la s\u00e9curit\u00e9 intelligente, les \u00e9conomies d'\u00e9nergie, l'\u00e9nergie, les communications et les r\u00e9seaux, les ordinateurs, le stockage, la gestion de l'\u00e9nergie, l'\u00e9lectronique automobile, l'\u00e9lectronique industrielle, etc.<\/p><p style=\"text-align: left;\"><strong>Les marques de distribution sont diverses et compl\u00e8tes<\/strong>\u00a0Le groupe de travail sur les semi-conducteurs : entretient de bonnes relations de coop\u00e9ration avec les principaux fabricants nationaux et internationaux de semi-conducteurs, y compris les marques de stockage : ISSI, Cypress, Fujitsu, Macronix, Winbond, Micron, Netsol. les marques de SCM : ST, Texas Instruments TI, Microchip, GigaDevice, Huada, Smart Microelectronics, etc. ; tous les produits, des composants passifs aux composants actifs, sont disponibles, offrant aux clients la commodit\u00e9 d'un achat unique. L'application des produits couvre les besoins des institutions m\u00e9dicales, a\u00e9rospatiales, militaires, d'instrumentation, num\u00e9riques, de recherche scientifique et d'autres domaines, et continue d'am\u00e9liorer l'\u00e9tendue du portefeuille de produits et la profondeur des capacit\u00e9s techniques pour r\u00e9pondre aux diff\u00e9rents besoins des clients.<\/p><p style=\"text-align: left;\"><strong>Nous promettons<\/strong>\u00a0: Enti\u00e8rement d\u00e9di\u00e9 \u00e0 la satisfaction des clients 100%, pour \u00eatre votre fournisseur le plus s\u00fbr et le plus fiable de composants \u00e9lectroniques !<\/p>\t\t\t\t\t\t<\/div>\n\t\t\t\t<\/div>\n\t\t\t\t\t<\/div>\n\t\t<\/div>\n\t\t\t\t\t\t\t<\/div>\n\t\t<\/section>\n\t\t\t\t\t\t\t<\/div>","protected":false},"excerpt":{"rendered":"<p>about us Shenzhen Mandu Technology Co., Ltd. (hereinafter referred to as &#8220;Mandu Technology) is a domestic semiconductor authorized agent promoter and application solution provider specializing in memory chips and 32-bit single-chip microcomputers. It has more than ten years of experience &hellip; <a href=\"https:\/\/www.mandu-tech.com\/fr\/about-us\/\">Readmore<\/a><\/p>","protected":false},"author":1,"featured_media":0,"parent":0,"menu_order":0,"comment_status":"closed","ping_status":"closed","template":"","meta":{"footnotes":""},"class_list":["post-1493","page","type-page","status-publish","hentry"],"yoast_head":"<!-- This site is optimized with the Yoast SEO plugin v26.5 - https:\/\/yoast.com\/wordpress\/plugins\/seo\/ -->\n<title>About Us - Shenzhen Mandu Technology Co., Ltd.<\/title>\n<meta name=\"robots\" content=\"index, follow, max-snippet:-1, max-image-preview:large, max-video-preview:-1\" \/>\n<link rel=\"canonical\" href=\"https:\/\/www.mandu-tech.com\/fr\/about-us\/\" \/>\n<meta property=\"og:locale\" content=\"fr_FR\" \/>\n<meta property=\"og:type\" content=\"article\" \/>\n<meta property=\"og:title\" content=\"About Us - Shenzhen Mandu Technology Co., Ltd.\" \/>\n<meta property=\"og:description\" content=\"about us Shenzhen Mandu Technology Co., Ltd. (hereinafter referred to as &#8220;Mandu Technology) is a domestic semiconductor authorized agent promoter and application solution provider specializing in memory chips and 32-bit single-chip microcomputers. It has more than ten years of experience &hellip; Readmore\" \/>\n<meta property=\"og:url\" content=\"https:\/\/www.mandu-tech.com\/fr\/about-us\/\" \/>\n<meta property=\"og:site_name\" content=\"Shenzhen Mandu Technology Co., Ltd.\" \/>\n<meta property=\"article:modified_time\" content=\"2025-11-17T08:32:11+00:00\" \/>\n<meta property=\"og:image\" content=\"http:\/\/www.mandu-tech.com\/wp-content\/uploads\/2025\/11\/21c515014893f85.jpg\" \/>\n<meta name=\"twitter:card\" content=\"summary_large_image\" \/>\n<meta name=\"twitter:label1\" content=\"Dur\u00e9e de lecture estim\u00e9e\" \/>\n\t<meta name=\"twitter:data1\" content=\"1 minute\" \/>\n<script type=\"application\/ld+json\" class=\"yoast-schema-graph\">{\"@context\":\"https:\/\/schema.org\",\"@graph\":[{\"@type\":\"WebPage\",\"@id\":\"https:\/\/www.mandu-tech.com\/about-us\/\",\"url\":\"https:\/\/www.mandu-tech.com\/about-us\/\",\"name\":\"About Us - Shenzhen Mandu Technology Co., Ltd.\",\"isPartOf\":{\"@id\":\"https:\/\/www.mandu-tech.com\/#website\"},\"primaryImageOfPage\":{\"@id\":\"https:\/\/www.mandu-tech.com\/about-us\/#primaryimage\"},\"image\":{\"@id\":\"https:\/\/www.mandu-tech.com\/about-us\/#primaryimage\"},\"thumbnailUrl\":\"http:\/\/www.mandu-tech.com\/wp-content\/uploads\/2025\/11\/21c515014893f85.jpg\",\"datePublished\":\"2016-10-14T02:02:22+00:00\",\"dateModified\":\"2025-11-17T08:32:11+00:00\",\"breadcrumb\":{\"@id\":\"https:\/\/www.mandu-tech.com\/about-us\/#breadcrumb\"},\"inLanguage\":\"fr-FR\",\"potentialAction\":[{\"@type\":\"ReadAction\",\"target\":[\"https:\/\/www.mandu-tech.com\/about-us\/\"]}]},{\"@type\":\"ImageObject\",\"inLanguage\":\"fr-FR\",\"@id\":\"https:\/\/www.mandu-tech.com\/about-us\/#primaryimage\",\"url\":\"http:\/\/www.mandu-tech.com\/wp-content\/uploads\/2025\/11\/21c515014893f85.jpg\",\"contentUrl\":\"http:\/\/www.mandu-tech.com\/wp-content\/uploads\/2025\/11\/21c515014893f85.jpg\"},{\"@type\":\"BreadcrumbList\",\"@id\":\"https:\/\/www.mandu-tech.com\/about-us\/#breadcrumb\",\"itemListElement\":[{\"@type\":\"ListItem\",\"position\":1,\"name\":\"\u9996\u9875\",\"item\":\"https:\/\/www.mandu-tech.com\/\"},{\"@type\":\"ListItem\",\"position\":2,\"name\":\"About Us\"}]},{\"@type\":\"WebSite\",\"@id\":\"https:\/\/www.mandu-tech.com\/#website\",\"url\":\"https:\/\/www.mandu-tech.com\/\",\"name\":\"Shenzhen Mandu Technology Co., Ltd.\",\"description\":\"\",\"publisher\":{\"@id\":\"https:\/\/www.mandu-tech.com\/#organization\"},\"potentialAction\":[{\"@type\":\"SearchAction\",\"target\":{\"@type\":\"EntryPoint\",\"urlTemplate\":\"https:\/\/www.mandu-tech.com\/?s={search_term_string}\"},\"query-input\":{\"@type\":\"PropertyValueSpecification\",\"valueRequired\":true,\"valueName\":\"search_term_string\"}}],\"inLanguage\":\"fr-FR\"},{\"@type\":\"Organization\",\"@id\":\"https:\/\/www.mandu-tech.com\/#organization\",\"name\":\"Shenzhen Mandu Technology Co., Ltd.\",\"url\":\"https:\/\/www.mandu-tech.com\/\",\"logo\":{\"@type\":\"ImageObject\",\"inLanguage\":\"fr-FR\",\"@id\":\"https:\/\/www.mandu-tech.com\/#\/schema\/logo\/image\/\",\"url\":\"http:\/\/www.mandu-tech.com\/wp-content\/uploads\/2020\/06\/bd1cdcbc0508a9c.jpg\",\"contentUrl\":\"http:\/\/www.mandu-tech.com\/wp-content\/uploads\/2020\/06\/bd1cdcbc0508a9c.jpg\",\"width\":179,\"height\":58,\"caption\":\"Shenzhen Mandu Technology Co., Ltd.\"},\"image\":{\"@id\":\"https:\/\/www.mandu-tech.com\/#\/schema\/logo\/image\/\"}}]}<\/script>\n<!-- \/ Yoast SEO plugin. -->","yoast_head_json":{"title":"About Us - Shenzhen Mandu Technology Co., Ltd.","robots":{"index":"index","follow":"follow","max-snippet":"max-snippet:-1","max-image-preview":"max-image-preview:large","max-video-preview":"max-video-preview:-1"},"canonical":"https:\/\/www.mandu-tech.com\/fr\/about-us\/","og_locale":"fr_FR","og_type":"article","og_title":"About Us - Shenzhen Mandu Technology Co., Ltd.","og_description":"about us Shenzhen Mandu Technology Co., Ltd. (hereinafter referred to as &#8220;Mandu Technology) is a domestic semiconductor authorized agent promoter and application solution provider specializing in memory chips and 32-bit single-chip microcomputers. It has more than ten years of experience &hellip; Readmore","og_url":"https:\/\/www.mandu-tech.com\/fr\/about-us\/","og_site_name":"Shenzhen Mandu Technology Co., Ltd.","article_modified_time":"2025-11-17T08:32:11+00:00","og_image":[{"url":"http:\/\/www.mandu-tech.com\/wp-content\/uploads\/2025\/11\/21c515014893f85.jpg","type":"","width":"","height":""}],"twitter_card":"summary_large_image","twitter_misc":{"Dur\u00e9e de lecture estim\u00e9e":"1 minute"},"schema":{"@context":"https:\/\/schema.org","@graph":[{"@type":"WebPage","@id":"https:\/\/www.mandu-tech.com\/about-us\/","url":"https:\/\/www.mandu-tech.com\/about-us\/","name":"About Us - Shenzhen Mandu Technology Co., Ltd.","isPartOf":{"@id":"https:\/\/www.mandu-tech.com\/#website"},"primaryImageOfPage":{"@id":"https:\/\/www.mandu-tech.com\/about-us\/#primaryimage"},"image":{"@id":"https:\/\/www.mandu-tech.com\/about-us\/#primaryimage"},"thumbnailUrl":"http:\/\/www.mandu-tech.com\/wp-content\/uploads\/2025\/11\/21c515014893f85.jpg","datePublished":"2016-10-14T02:02:22+00:00","dateModified":"2025-11-17T08:32:11+00:00","breadcrumb":{"@id":"https:\/\/www.mandu-tech.com\/about-us\/#breadcrumb"},"inLanguage":"fr-FR","potentialAction":[{"@type":"ReadAction","target":["https:\/\/www.mandu-tech.com\/about-us\/"]}]},{"@type":"ImageObject","inLanguage":"fr-FR","@id":"https:\/\/www.mandu-tech.com\/about-us\/#primaryimage","url":"http:\/\/www.mandu-tech.com\/wp-content\/uploads\/2025\/11\/21c515014893f85.jpg","contentUrl":"http:\/\/www.mandu-tech.com\/wp-content\/uploads\/2025\/11\/21c515014893f85.jpg"},{"@type":"BreadcrumbList","@id":"https:\/\/www.mandu-tech.com\/about-us\/#breadcrumb","itemListElement":[{"@type":"ListItem","position":1,"name":"\u9996\u9875","item":"https:\/\/www.mandu-tech.com\/"},{"@type":"ListItem","position":2,"name":"About Us"}]},{"@type":"WebSite","@id":"https:\/\/www.mandu-tech.com\/#website","url":"https:\/\/www.mandu-tech.com\/","name":"Shenzhen Mandu Technology Co, Ltd.","description":"","publisher":{"@id":"https:\/\/www.mandu-tech.com\/#organization"},"potentialAction":[{"@type":"SearchAction","target":{"@type":"EntryPoint","urlTemplate":"https:\/\/www.mandu-tech.com\/?s={search_term_string}"},"query-input":{"@type":"PropertyValueSpecification","valueRequired":true,"valueName":"search_term_string"}}],"inLanguage":"fr-FR"},{"@type":"Organization","@id":"https:\/\/www.mandu-tech.com\/#organization","name":"Shenzhen Mandu Technology Co, Ltd.","url":"https:\/\/www.mandu-tech.com\/","logo":{"@type":"ImageObject","inLanguage":"fr-FR","@id":"https:\/\/www.mandu-tech.com\/#\/schema\/logo\/image\/","url":"http:\/\/www.mandu-tech.com\/wp-content\/uploads\/2020\/06\/bd1cdcbc0508a9c.jpg","contentUrl":"http:\/\/www.mandu-tech.com\/wp-content\/uploads\/2020\/06\/bd1cdcbc0508a9c.jpg","width":179,"height":58,"caption":"Shenzhen Mandu Technology Co., Ltd."},"image":{"@id":"https:\/\/www.mandu-tech.com\/#\/schema\/logo\/image\/"}}]}},"_links":{"self":[{"href":"https:\/\/www.mandu-tech.com\/fr\/wp-json\/wp\/v2\/pages\/1493","targetHints":{"allow":["GET"]}}],"collection":[{"href":"https:\/\/www.mandu-tech.com\/fr\/wp-json\/wp\/v2\/pages"}],"about":[{"href":"https:\/\/www.mandu-tech.com\/fr\/wp-json\/wp\/v2\/types\/page"}],"author":[{"embeddable":true,"href":"https:\/\/www.mandu-tech.com\/fr\/wp-json\/wp\/v2\/users\/1"}],"replies":[{"embeddable":true,"href":"https:\/\/www.mandu-tech.com\/fr\/wp-json\/wp\/v2\/comments?post=1493"}],"version-history":[{"count":9,"href":"https:\/\/www.mandu-tech.com\/fr\/wp-json\/wp\/v2\/pages\/1493\/revisions"}],"predecessor-version":[{"id":4882,"href":"https:\/\/www.mandu-tech.com\/fr\/wp-json\/wp\/v2\/pages\/1493\/revisions\/4882"}],"wp:attachment":[{"href":"https:\/\/www.mandu-tech.com\/fr\/wp-json\/wp\/v2\/media?parent=1493"}],"curies":[{"name":"wp","href":"https:\/\/api.w.org\/{rel}","templated":true}]}}