{"id":1495,"date":"2016-10-14T02:04:18","date_gmt":"2016-10-14T02:04:18","guid":{"rendered":"https:\/\/demo.wpthemego.com\/themes\/sw_revo\/demo10\/?page_id=1495"},"modified":"2025-12-09T06:06:57","modified_gmt":"2025-12-09T06:06:57","slug":"contact-us","status":"publish","type":"page","link":"https:\/\/www.mandu-tech.com\/fr\/contact-us\/","title":{"rendered":"Nous contacter"},"content":{"rendered":"<div data-elementor-type=\"wp-page\" data-elementor-id=\"1495\" class=\"elementor elementor-1495\">\n\t\t\t\t\t\t\t\t\t<section class=\"elementor-section elementor-top-section elementor-element elementor-element-394fe761 elementor-section-boxed elementor-section-height-default elementor-section-height-default\" data-id=\"394fe761\" data-element_type=\"section\">\n\t\t\t\t\t\t<div class=\"elementor-container elementor-column-gap-default\">\n\t\t\t\t\t<div class=\"elementor-column elementor-col-100 elementor-top-column elementor-element elementor-element-69758afd\" data-id=\"69758afd\" data-element_type=\"column\">\n\t\t\t<div class=\"elementor-widget-wrap\">\n\t\t\t\t\t\t\t\t\t<\/div>\n\t\t<\/div>\n\t\t\t\t\t\t\t<\/div>\n\t\t<\/section>\n\t\t\t\t<section class=\"elementor-section elementor-top-section elementor-element elementor-element-301b87e3 elementor-section-boxed elementor-section-height-default elementor-section-height-default\" data-id=\"301b87e3\" data-element_type=\"section\">\n\t\t\t\t\t\t<div class=\"elementor-container elementor-column-gap-default\">\n\t\t\t\t\t<div class=\"elementor-column elementor-col-100 elementor-top-column elementor-element elementor-element-77601155\" data-id=\"77601155\" data-element_type=\"column\">\n\t\t\t<div class=\"elementor-widget-wrap elementor-element-populated\">\n\t\t\t\t\t\t\t\t<div class=\"elementor-element elementor-element-7b506c8f contact_us elementor-widget elementor-widget-html\" data-id=\"7b506c8f\" data-element_type=\"widget\" data-widget_type=\"html.default\">\n\t\t\t\t<div class=\"elementor-widget-container\">\n\t\t\t<div class=\"block-contact\"><div class=\"row\"><div class=\"item support col-lg-4 col-md-4 col-sm-12\"><div class=\"item-wrap\"><div class=\"icon\"><\/div><div class=\"info\">inquiry@manduic.com<\/div><\/div><\/div><div class=\"item phone col-lg-4 col-md-4 col-sm-12\"><div class=\"item-wrap\"><div class=\"icon\"><\/div><div class=\"info\">+86 150 1290 5940<\/div><\/div><\/div><div class=\"item address col-lg-4 col-md-4 col-sm-12\"><div class=\"item-wrap\"><div class=\"icon\"><\/div><div class=\"info\">Room 618, Derun Building, No.366 Chaofeng Road, Fenghuang Street, Guangming District, Shenzhen, China<\/div><\/div><\/div><\/div><\/div>\t\t<\/div>\n\t\t\t\t<\/div>\n\t\t\t\t\t<\/div>\n\t\t<\/div>\n\t\t\t\t\t\t\t<\/div>\n\t\t<\/section>\n\t\t\t\t<section class=\"elementor-section elementor-top-section elementor-element elementor-element-7ef2d5b9 elementor-section-boxed elementor-section-height-default elementor-section-height-default\" data-id=\"7ef2d5b9\" data-element_type=\"section\">\n\t\t\t\t\t\t<div class=\"elementor-container elementor-column-gap-default\">\n\t\t\t\t\t<div class=\"elementor-column elementor-col-50 elementor-top-column elementor-element elementor-element-4ea0dcf3\" data-id=\"4ea0dcf3\" data-element_type=\"column\">\n\t\t\t<div class=\"elementor-widget-wrap elementor-element-populated\">\n\t\t\t\t\t\t\t\t<div class=\"elementor-element elementor-element-5988b974 elementor-widget elementor-widget-heading\" data-id=\"5988b974\" data-element_type=\"widget\" data-widget_type=\"heading.default\">\n\t\t\t\t<div class=\"elementor-widget-container\">\n\t\t\t<style>\/*! elementor - v3.16.0 - 09-10-2023 *\/\n.elementor-heading-title{padding:0;margin:0;line-height:1}.elementor-widget-heading .elementor-heading-title[class*=elementor-size-]>a{color:inherit;font-size:inherit;line-height:inherit}.elementor-widget-heading .elementor-heading-title.elementor-size-small{font-size:15px}.elementor-widget-heading .elementor-heading-title.elementor-size-medium{font-size:19px}.elementor-widget-heading .elementor-heading-title.elementor-size-large{font-size:29px}.elementor-widget-heading .elementor-heading-title.elementor-size-xl{font-size:39px}.elementor-widget-heading .elementor-heading-title.elementor-size-xxl{font-size:59px}<\/style><h2 class=\"elementor-heading-title elementor-size-default\">Envoyez-nous un message<\/h2>\t\t<\/div>\n\t\t\t\t<\/div>\n\t\t\t\t<div class=\"elementor-element elementor-element-3ae30340 elementor-widget elementor-widget-heading\" data-id=\"3ae30340\" data-element_type=\"widget\" data-widget_type=\"heading.default\">\n\t\t\t\t<div class=\"elementor-widget-container\">\n\t\t\t<span class=\"elementor-heading-title elementor-size-default\">Pour toute demande de renseignements sur les produits ou d'assistance technique, n'h\u00e9sitez pas \u00e0 contacter notre \u00e9quipe d'experts.<\/span>\t\t<\/div>\n\t\t\t\t<\/div>\n\t\t\t\t<div class=\"elementor-element elementor-element-163670d1 contact_us elementor-widget elementor-widget-shortcode\" data-id=\"163670d1\" data-element_type=\"widget\" data-widget_type=\"shortcode.default\">\n\t\t\t\t<div class=\"elementor-widget-container\">\n\t\t\t\t\t<div class=\"elementor-shortcode\">\n<div class=\"wpcf7 no-js\" id=\"wpcf7-f2036-o1\" lang=\"en-US\" dir=\"ltr\">\n<div class=\"screen-reader-response\"><p role=\"status\" aria-live=\"polite\" aria-atomic=\"true\"><\/p> <ul><\/ul><\/div>\n<form action=\"\/fr\/wp-json\/wp\/v2\/pages\/1495#wpcf7-f2036-o1\" method=\"post\" class=\"wpcf7-form init\" aria-label=\"Contact form\" novalidate=\"novalidate\" data-status=\"init\" data-trp-original-action=\"\/fr\/wp-json\/wp\/v2\/pages\/1495#wpcf7-f2036-o1\">\n<div style=\"display: none;\">\n<input type=\"hidden\" name=\"_wpcf7\" value=\"2036\" \/>\n<input type=\"hidden\" name=\"_wpcf7_version\" value=\"5.8.1\" \/>\n<input type=\"hidden\" name=\"_wpcf7_locale\" value=\"en_US\" \/>\n<input type=\"hidden\" name=\"_wpcf7_unit_tag\" value=\"wpcf7-f2036-o1\" \/>\n<input type=\"hidden\" name=\"_wpcf7_container_post\" value=\"0\" \/>\n<input type=\"hidden\" name=\"_wpcf7_posted_data_hash\" value=\"\" \/>\n<\/div>\n<p><span class=\"wpcf7-form-control-wrap\" data-name=\"your-name\"><input size=\"40\" class=\"wpcf7-form-control wpcf7-text wpcf7-validates-as-required\" aria-required=\"true\" aria-invalid=\"false\" placeholder=\"Nom complet\" value=\"\" type=\"text\" name=\"your-name\" \/><\/span><br \/>\n<span class=\"wpcf7-form-control-wrap\" data-name=\"your-email\"><input size=\"40\" class=\"wpcf7-form-control wpcf7-email wpcf7-validates-as-required wpcf7-text wpcf7-validates-as-email\" aria-required=\"true\" aria-invalid=\"false\" placeholder=\"Courriel\" value=\"\" type=\"email\" name=\"your-email\" \/><\/span><br \/>\n<span class=\"wpcf7-form-control-wrap\" data-name=\"your-phone\"><input size=\"40\" class=\"wpcf7-form-control wpcf7-text\" aria-invalid=\"false\" placeholder=\"Num\u00e9ro de t\u00e9l\u00e9phone\" value=\"\" type=\"text\" name=\"your-phone\" \/><\/span><br \/>\n<span class=\"wpcf7-form-control-wrap\" data-name=\"your-message\"><textarea cols=\"40\" rows=\"10\" class=\"wpcf7-form-control wpcf7-textarea\" aria-invalid=\"false\" placeholder=\"Ecrivez vos commentaires\" name=\"your-message\"><\/textarea><\/span>\n<\/p>\n<p><input class=\"wpcf7-form-control wpcf7-submit has-spinner\" type=\"submit\" value=\"Envoyer un message\" \/>\n<\/p><div class=\"wpcf7-response-output\" aria-hidden=\"true\"><\/div>\n<input type=\"hidden\" name=\"trp-form-language\" value=\"fr\"\/><\/form>\n<\/div>\n<\/div>\n\t\t\t\t<\/div>\n\t\t\t\t<\/div>\n\t\t\t\t\t<\/div>\n\t\t<\/div>\n\t\t\t\t<div class=\"elementor-column elementor-col-50 elementor-top-column elementor-element elementor-element-5c86937d\" data-id=\"5c86937d\" data-element_type=\"column\">\n\t\t\t<div class=\"elementor-widget-wrap elementor-element-populated\">\n\t\t\t\t\t\t\t\t<div class=\"elementor-element elementor-element-069082c elementor-widget elementor-widget-image\" data-id=\"069082c\" data-element_type=\"widget\" data-widget_type=\"image.default\">\n\t\t\t\t<div class=\"elementor-widget-container\">\n\t\t\t<style>\/*! elementor - v3.16.0 - 09-10-2023 *\/\n.elementor-widget-image{text-align:center}.elementor-widget-image a{display:inline-block}.elementor-widget-image a img[src$=\".svg\"]{width:48px}.elementor-widget-image img{vertical-align:middle;display:inline-block}<\/style>\t\t\t\t\t\t\t\t\t\t\t\t<img loading=\"lazy\" decoding=\"async\" width=\"700\" height=\"500\" src=\"https:\/\/www.mandu-tech.com\/wp-content\/uploads\/2025\/11\/companyprofile.jpg\" class=\"attachment-large size-large wp-image-4970\" alt=\"\" \/>\t\t\t\t\t\t\t\t\t\t\t\t\t\t\t<\/div>\n\t\t\t\t<\/div>\n\t\t\t\t\t<\/div>\n\t\t<\/div>\n\t\t\t\t\t\t\t<\/div>\n\t\t<\/section>\n\t\t\t\t\t\t\t<\/div>","protected":false},"excerpt":{"rendered":"<p>inquiry@manduic.com+86 150 1290 5940Room 618, Derun Building,No.366 Chaofeng Road,Fenghuang Street, Guangming District, Shenzhen, China Send Us a Message For any product inquiries or technical support needs, please feel free to contact our team of experts<\/p>","protected":false},"author":1,"featured_media":0,"parent":0,"menu_order":0,"comment_status":"closed","ping_status":"closed","template":"","meta":{"footnotes":""},"class_list":["post-1495","page","type-page","status-publish","hentry"],"yoast_head":"<!-- This site is optimized with the Yoast SEO plugin v26.5 - https:\/\/yoast.com\/wordpress\/plugins\/seo\/ -->\n<title>Contact Us - Shenzhen Mandu Technology Co., Ltd.<\/title>\n<meta name=\"robots\" content=\"index, follow, max-snippet:-1, max-image-preview:large, max-video-preview:-1\" \/>\n<link rel=\"canonical\" href=\"https:\/\/www.mandu-tech.com\/fr\/contact-us\/\" \/>\n<meta property=\"og:locale\" content=\"fr_FR\" \/>\n<meta property=\"og:type\" content=\"article\" \/>\n<meta property=\"og:title\" content=\"Contact Us - Shenzhen Mandu Technology Co., Ltd.\" \/>\n<meta property=\"og:description\" content=\"inquiry@manduic.com+86 150 1290 5940Room 618, Derun Building,No.366 Chaofeng Road,Fenghuang Street, Guangming District, Shenzhen, China Send Us a Message For any product inquiries or technical support needs, please feel free to contact our team of experts\" \/>\n<meta property=\"og:url\" content=\"https:\/\/www.mandu-tech.com\/fr\/contact-us\/\" \/>\n<meta property=\"og:site_name\" content=\"Shenzhen Mandu Technology Co., Ltd.\" \/>\n<meta property=\"article:modified_time\" content=\"2025-12-09T06:06:57+00:00\" \/>\n<meta property=\"og:image\" content=\"http:\/\/www.mandu-tech.com\/wp-content\/uploads\/2025\/11\/companyprofile.jpg\" \/>\n<meta name=\"twitter:card\" content=\"summary_large_image\" \/>\n<meta name=\"twitter:label1\" content=\"Dur\u00e9e de lecture estim\u00e9e\" \/>\n\t<meta name=\"twitter:data1\" content=\"1 minute\" \/>\n<script type=\"application\/ld+json\" class=\"yoast-schema-graph\">{\"@context\":\"https:\/\/schema.org\",\"@graph\":[{\"@type\":\"WebPage\",\"@id\":\"https:\/\/www.mandu-tech.com\/contact-us\/\",\"url\":\"https:\/\/www.mandu-tech.com\/contact-us\/\",\"name\":\"Contact Us - Shenzhen Mandu Technology Co., Ltd.\",\"isPartOf\":{\"@id\":\"https:\/\/www.mandu-tech.com\/#website\"},\"primaryImageOfPage\":{\"@id\":\"https:\/\/www.mandu-tech.com\/contact-us\/#primaryimage\"},\"image\":{\"@id\":\"https:\/\/www.mandu-tech.com\/contact-us\/#primaryimage\"},\"thumbnailUrl\":\"http:\/\/www.mandu-tech.com\/wp-content\/uploads\/2025\/11\/companyprofile.jpg\",\"datePublished\":\"2016-10-14T02:04:18+00:00\",\"dateModified\":\"2025-12-09T06:06:57+00:00\",\"breadcrumb\":{\"@id\":\"https:\/\/www.mandu-tech.com\/contact-us\/#breadcrumb\"},\"inLanguage\":\"fr-FR\",\"potentialAction\":[{\"@type\":\"ReadAction\",\"target\":[\"https:\/\/www.mandu-tech.com\/contact-us\/\"]}]},{\"@type\":\"ImageObject\",\"inLanguage\":\"fr-FR\",\"@id\":\"https:\/\/www.mandu-tech.com\/contact-us\/#primaryimage\",\"url\":\"http:\/\/www.mandu-tech.com\/wp-content\/uploads\/2025\/11\/companyprofile.jpg\",\"contentUrl\":\"http:\/\/www.mandu-tech.com\/wp-content\/uploads\/2025\/11\/companyprofile.jpg\"},{\"@type\":\"BreadcrumbList\",\"@id\":\"https:\/\/www.mandu-tech.com\/contact-us\/#breadcrumb\",\"itemListElement\":[{\"@type\":\"ListItem\",\"position\":1,\"name\":\"\u9996\u9875\",\"item\":\"https:\/\/www.mandu-tech.com\/\"},{\"@type\":\"ListItem\",\"position\":2,\"name\":\"Contact Us\"}]},{\"@type\":\"WebSite\",\"@id\":\"https:\/\/www.mandu-tech.com\/#website\",\"url\":\"https:\/\/www.mandu-tech.com\/\",\"name\":\"Shenzhen Mandu Technology Co., Ltd.\",\"description\":\"\",\"publisher\":{\"@id\":\"https:\/\/www.mandu-tech.com\/#organization\"},\"potentialAction\":[{\"@type\":\"SearchAction\",\"target\":{\"@type\":\"EntryPoint\",\"urlTemplate\":\"https:\/\/www.mandu-tech.com\/?s={search_term_string}\"},\"query-input\":{\"@type\":\"PropertyValueSpecification\",\"valueRequired\":true,\"valueName\":\"search_term_string\"}}],\"inLanguage\":\"fr-FR\"},{\"@type\":\"Organization\",\"@id\":\"https:\/\/www.mandu-tech.com\/#organization\",\"name\":\"Shenzhen Mandu Technology Co., Ltd.\",\"url\":\"https:\/\/www.mandu-tech.com\/\",\"logo\":{\"@type\":\"ImageObject\",\"inLanguage\":\"fr-FR\",\"@id\":\"https:\/\/www.mandu-tech.com\/#\/schema\/logo\/image\/\",\"url\":\"http:\/\/www.mandu-tech.com\/wp-content\/uploads\/2020\/06\/bd1cdcbc0508a9c.jpg\",\"contentUrl\":\"http:\/\/www.mandu-tech.com\/wp-content\/uploads\/2020\/06\/bd1cdcbc0508a9c.jpg\",\"width\":179,\"height\":58,\"caption\":\"Shenzhen Mandu Technology Co., Ltd.\"},\"image\":{\"@id\":\"https:\/\/www.mandu-tech.com\/#\/schema\/logo\/image\/\"}}]}<\/script>\n<!-- \/ Yoast SEO plugin. -->","yoast_head_json":{"title":"Contact Us - Shenzhen Mandu Technology Co., Ltd.","robots":{"index":"index","follow":"follow","max-snippet":"max-snippet:-1","max-image-preview":"max-image-preview:large","max-video-preview":"max-video-preview:-1"},"canonical":"https:\/\/www.mandu-tech.com\/fr\/contact-us\/","og_locale":"fr_FR","og_type":"article","og_title":"Contact Us - Shenzhen Mandu Technology Co., Ltd.","og_description":"inquiry@manduic.com+86 150 1290 5940Room 618, Derun Building,No.366 Chaofeng Road,Fenghuang Street, Guangming District, Shenzhen, China Send Us a Message For any product inquiries or technical support needs, please feel free to contact our team of experts","og_url":"https:\/\/www.mandu-tech.com\/fr\/contact-us\/","og_site_name":"Shenzhen Mandu Technology Co., Ltd.","article_modified_time":"2025-12-09T06:06:57+00:00","og_image":[{"url":"http:\/\/www.mandu-tech.com\/wp-content\/uploads\/2025\/11\/companyprofile.jpg","type":"","width":"","height":""}],"twitter_card":"summary_large_image","twitter_misc":{"Dur\u00e9e de lecture estim\u00e9e":"1 minute"},"schema":{"@context":"https:\/\/schema.org","@graph":[{"@type":"WebPage","@id":"https:\/\/www.mandu-tech.com\/contact-us\/","url":"https:\/\/www.mandu-tech.com\/contact-us\/","name":"Contact Us - Shenzhen Mandu Technology Co., Ltd.","isPartOf":{"@id":"https:\/\/www.mandu-tech.com\/#website"},"primaryImageOfPage":{"@id":"https:\/\/www.mandu-tech.com\/contact-us\/#primaryimage"},"image":{"@id":"https:\/\/www.mandu-tech.com\/contact-us\/#primaryimage"},"thumbnailUrl":"http:\/\/www.mandu-tech.com\/wp-content\/uploads\/2025\/11\/companyprofile.jpg","datePublished":"2016-10-14T02:04:18+00:00","dateModified":"2025-12-09T06:06:57+00:00","breadcrumb":{"@id":"https:\/\/www.mandu-tech.com\/contact-us\/#breadcrumb"},"inLanguage":"fr-FR","potentialAction":[{"@type":"ReadAction","target":["https:\/\/www.mandu-tech.com\/contact-us\/"]}]},{"@type":"ImageObject","inLanguage":"fr-FR","@id":"https:\/\/www.mandu-tech.com\/contact-us\/#primaryimage","url":"http:\/\/www.mandu-tech.com\/wp-content\/uploads\/2025\/11\/companyprofile.jpg","contentUrl":"http:\/\/www.mandu-tech.com\/wp-content\/uploads\/2025\/11\/companyprofile.jpg"},{"@type":"BreadcrumbList","@id":"https:\/\/www.mandu-tech.com\/contact-us\/#breadcrumb","itemListElement":[{"@type":"ListItem","position":1,"name":"\u9996\u9875","item":"https:\/\/www.mandu-tech.com\/"},{"@type":"ListItem","position":2,"name":"Contact Us"}]},{"@type":"WebSite","@id":"https:\/\/www.mandu-tech.com\/#website","url":"https:\/\/www.mandu-tech.com\/","name":"Shenzhen Mandu Technology Co, Ltd.","description":"","publisher":{"@id":"https:\/\/www.mandu-tech.com\/#organization"},"potentialAction":[{"@type":"SearchAction","target":{"@type":"EntryPoint","urlTemplate":"https:\/\/www.mandu-tech.com\/?s={search_term_string}"},"query-input":{"@type":"PropertyValueSpecification","valueRequired":true,"valueName":"search_term_string"}}],"inLanguage":"fr-FR"},{"@type":"Organization","@id":"https:\/\/www.mandu-tech.com\/#organization","name":"Shenzhen Mandu Technology Co, Ltd.","url":"https:\/\/www.mandu-tech.com\/","logo":{"@type":"ImageObject","inLanguage":"fr-FR","@id":"https:\/\/www.mandu-tech.com\/#\/schema\/logo\/image\/","url":"http:\/\/www.mandu-tech.com\/wp-content\/uploads\/2020\/06\/bd1cdcbc0508a9c.jpg","contentUrl":"http:\/\/www.mandu-tech.com\/wp-content\/uploads\/2020\/06\/bd1cdcbc0508a9c.jpg","width":179,"height":58,"caption":"Shenzhen Mandu Technology Co., Ltd."},"image":{"@id":"https:\/\/www.mandu-tech.com\/#\/schema\/logo\/image\/"}}]}},"_links":{"self":[{"href":"https:\/\/www.mandu-tech.com\/fr\/wp-json\/wp\/v2\/pages\/1495","targetHints":{"allow":["GET"]}}],"collection":[{"href":"https:\/\/www.mandu-tech.com\/fr\/wp-json\/wp\/v2\/pages"}],"about":[{"href":"https:\/\/www.mandu-tech.com\/fr\/wp-json\/wp\/v2\/types\/page"}],"author":[{"embeddable":true,"href":"https:\/\/www.mandu-tech.com\/fr\/wp-json\/wp\/v2\/users\/1"}],"replies":[{"embeddable":true,"href":"https:\/\/www.mandu-tech.com\/fr\/wp-json\/wp\/v2\/comments?post=1495"}],"version-history":[{"count":16,"href":"https:\/\/www.mandu-tech.com\/fr\/wp-json\/wp\/v2\/pages\/1495\/revisions"}],"predecessor-version":[{"id":5032,"href":"https:\/\/www.mandu-tech.com\/fr\/wp-json\/wp\/v2\/pages\/1495\/revisions\/5032"}],"wp:attachment":[{"href":"https:\/\/www.mandu-tech.com\/fr\/wp-json\/wp\/v2\/media?parent=1495"}],"curies":[{"name":"wp","href":"https:\/\/api.w.org\/{rel}","templated":true}]}}